{"id":18116,"date":"2023-04-06T08:10:43","date_gmt":"2023-04-06T12:10:43","guid":{"rendered":"https:\/\/www.lpi.org\/an-hieu\/"},"modified":"2024-01-08T05:30:36","modified_gmt":"2024-01-08T10:30:36","slug":"an-hieu","status":"publish","type":"page","link":"https:\/\/www.lpi.org\/vi\/an-hieu\/","title":{"rendered":"Th\u00f4ng tin xu\u1ea5t b\u1ea3n"},"content":{"rendered":"<h1>Th\u00f4ng tin xu\u1ea5t b\u1ea3n<\/h1>\n<h3>Theo \u00a7 5 TMG<\/h3>\n<p>Linux Professional Institute<br \/>\n41 John Street, Upper Suite 1<br \/>\nPort Hope<br \/>\nON L1A 2Z3<br \/>\nKanada<\/p>\n<p><b>\u0110\u1ea1i di\u1ec7n b\u1edfi:<\/b><br \/>\nG. Matthew Rice<br \/>\nGi\u00e1m \u0111\u1ed1c \u0110i\u1ec1u h\u00e0nh<\/p>\n<h3>Li\u00ean h\u1ec7<\/h3>\n<p>\u0110i\u1ec7n tho\u1ea1i: +1 905-885-5522<br \/>\nE-Mail: info@lpi.org<\/p>\n<h3>M\u00e3 s\u1ed1 doanh nghi\u1ec7p (BN):<\/h3>\n<p>876037722<\/p>\n<h3>Ch\u1ecbu tr\u00e1ch nhi\u1ec7m v\u1ec1 n\u1ed9i dung theo M\u1ee5c 55 \u0110o\u1ea1n 2 RStV<\/h3>\n<p>Linux Professional Institute Inc.<br \/>\nG. Matthew Rice<br \/>\n41 John St., Upper Suite 1<br \/>\nPort Hope<br \/>\nON L1A 2Z3<br \/>\nCanada<\/p>\n<h3>Gi\u1ea3i quy\u1ebft tranh ch\u1ea5p<\/h3>\n<p>\u1ee6y ban Ch\u00e2u \u00c2u cung c\u1ea5p n\u1ec1n t\u1ea3ng gi\u1ea3i quy\u1ebft tranh ch\u1ea5p tr\u1ef1c tuy\u1ebfn (OS): <a href=\"https:\/\/ec.europa.eu\/consumers\/odr\">https:\/\/ec.europa.eu\/consumers\/odr<\/a>.<br \/>\nB\u1ea1n c\u00f3 th\u1ec3 t\u00ecm th\u1ea5y \u0111\u1ecba ch\u1ec9 email c\u1ee7a ch\u00fang t\u00f4i trong ph\u1ea7n th\u00f4ng tin xu\u1ea5t b\u1ea3n \u1edf tr\u00ean.<\/p>\n<p>Ch\u00fang t\u00f4i kh\u00f4ng b\u1eaft bu\u1ed9c ph\u1ea3i tham gia th\u1ee7 t\u1ee5c gi\u1ea3i quy\u1ebft tranh ch\u1ea5p tr\u01b0\u1edbc h\u1ed9i \u0111\u1ed3ng tr\u1ecdng t\u00e0i ng\u01b0\u1eddi ti\u00eau d\u00f9ng.<\/p>\n<p>Tr\u00e1ch nhi\u1ec7m ph\u00e1p l\u00fd v\u1ec1 n\u1ed9i dung<\/p>\n<p>L\u00e0 nh\u00e0 cung c\u1ea5p d\u1ecbch v\u1ee5, ch\u00fang t\u00f4i ch\u1ecbu tr\u00e1ch nhi\u1ec7m v\u1ec1 n\u1ed9i dung c\u1ee7a m\u00ecnh tr\u00ean c\u00e1c trang n\u00e0y tu\u00e2n theo lu\u1eadt chung theo M\u1ee5c 7 \u0110o\u1ea1n 1 TMG. Tuy nhi\u00ean, theo M\u1ee5c 8 \u0111\u1ebfn 10 TMG, v\u1edbi t\u01b0 c\u00e1ch l\u00e0 nh\u00e0 cung c\u1ea5p d\u1ecbch v\u1ee5, ch\u00fang t\u00f4i kh\u00f4ng c\u00f3 ngh\u0129a v\u1ee5 gi\u00e1m s\u00e1t th\u00f4ng tin \u0111\u01b0\u1ee3c truy\u1ec1n ho\u1eb7c l\u01b0u tr\u1eef c\u1ee7a b\u00ean th\u1ee9 ba ho\u1eb7c \u0111i\u1ec1u tra c\u00e1c tr\u01b0\u1eddng h\u1ee3p cho th\u1ea5y ho\u1ea1t \u0111\u1ed9ng b\u1ea5t h\u1ee3p ph\u00e1p.<\/p>\n<p>Ngh\u0129a v\u1ee5 x\u00f3a ho\u1eb7c ch\u1eb7n vi\u1ec7c s\u1eed d\u1ee5ng th\u00f4ng tin theo quy \u0111\u1ecbnh c\u1ee7a lu\u1eadt chung kh\u00f4ng b\u1ecb \u1ea3nh h\u01b0\u1edfng. Tuy nhi\u00ean, tr\u00e1ch nhi\u1ec7m ph\u00e1p l\u00fd trong v\u1ea5n \u0111\u1ec1 n\u00e0y ch\u1ec9 c\u00f3 th\u1ec3 \u0111\u01b0\u1ee3c \u00e1p d\u1ee5ng k\u1ec3 t\u1eeb th\u1eddi \u0111i\u1ec3m bi\u1ebft \u0111\u01b0\u1ee3c m\u1ed9t h\u00e0nh vi vi ph\u1ea1m ph\u00e1p lu\u1eadt c\u1ee5 th\u1ec3. N\u1ebfu ch\u00fang t\u00f4i nh\u1eadn th\u1ea5y b\u1ea5t k\u1ef3 h\u00e0nh vi vi ph\u1ea1m ph\u00e1p lu\u1eadt t\u01b0\u01a1ng \u1ee9ng n\u00e0o, ch\u00fang t\u00f4i s\u1ebd x\u00f3a n\u1ed9i dung n\u00e0y ngay l\u1eadp t\u1ee9c.<\/p>\n<h3>Tr\u00e1ch nhi\u1ec7m \u0111\u1ed1i v\u1edbi c\u00e1c li\u00ean k\u1ebft<\/h3>\n<p>D\u1ecbch v\u1ee5 ch\u00fang t\u00f4i ch\u1ee9a c\u00e1c li\u00ean k\u1ebft \u0111\u1ebfn trang web c\u1ee7a b\u00ean th\u1ee9 ba b\u00ean ngo\u00e0i m\u00e0 ch\u00fang t\u00f4i kh\u00f4ng c\u00f3 t\u00e1c \u0111\u1ed9ng \u0111\u1ebfn n\u1ed9i dung c\u1ee7a ch\u00fang. Do \u0111\u00f3, ch\u00fang t\u00f4i kh\u00f4ng th\u1ec3 ch\u1ecbu b\u1ea5t k\u1ef3 tr\u00e1ch nhi\u1ec7m ph\u00e1p l\u00fd n\u00e0o \u0111\u1ed1i v\u1edbi n\u1ed9i dung b\u00ean ngo\u00e0i n\u00e0y. Nh\u00e0 cung c\u1ea5p ho\u1eb7c nh\u00e0 \u0111i\u1ec1u h\u00e0nh t\u01b0\u01a1ng \u1ee9ng c\u1ee7a c\u00e1c trang lu\u00f4n ch\u1ecbu tr\u00e1ch nhi\u1ec7m v\u1ec1 n\u1ed9i dung c\u1ee7a c\u00e1c trang \u0111\u01b0\u1ee3c li\u00ean k\u1ebft. C\u00e1c trang \u0111\u01b0\u1ee3c li\u00ean k\u1ebft \u0111\u00e3 \u0111\u01b0\u1ee3c ki\u1ec3m tra c\u00e1c vi ph\u1ea1m ph\u00e1p lu\u1eadt c\u00f3 th\u1ec3 x\u1ea3y ra t\u1ea1i th\u1eddi \u0111i\u1ec3m li\u00ean k\u1ebft. N\u1ed9i dung b\u1ea5t h\u1ee3p ph\u00e1p kh\u00f4ng r\u00f5 r\u00e0ng t\u1ea1i th\u1eddi \u0111i\u1ec3m li\u00ean k\u1ebft.<\/p>\n<p>Tuy nhi\u00ean, vi\u1ec7c ki\u1ec3m so\u00e1t v\u0129nh vi\u1ec5n n\u1ed9i dung c\u1ee7a c\u00e1c trang \u0111\u01b0\u1ee3c li\u00ean k\u1ebft l\u00e0 kh\u00f4ng h\u1ee3p l\u00fd n\u1ebfu kh\u00f4ng c\u00f3 b\u1eb1ng ch\u1ee9ng c\u1ee5 th\u1ec3 v\u1ec1 h\u00e0nh vi vi ph\u1ea1m ph\u00e1p lu\u1eadt. N\u1ebfu ch\u00fang t\u00f4i nh\u1eadn th\u1ea5y c\u00f3 b\u1ea5t k\u1ef3 h\u00e0nh vi vi ph\u1ea1m ph\u00e1p lu\u1eadt n\u00e0o, ch\u00fang t\u00f4i s\u1ebd x\u00f3a ngay c\u00e1c li\u00ean k\u1ebft \u0111\u00f3.<\/p>\n<h3>B\u1ea3n quy\u1ec1n<\/h3>\n<p>N\u1ed9i dung v\u00e0 s\u1ea3n ph\u1ea9m tr\u00ean c\u00e1c trang n\u00e0y do ng\u01b0\u1eddi \u0111i\u1ec1u h\u00e0nh trang web t\u1ea1o ra ph\u1ea3i tu\u00e2n theo lu\u1eadt b\u1ea3n quy\u1ec1n c\u1ee7a \u0110\u1ee9c. Vi\u1ec7c sao ch\u00e9p, x\u1eed l\u00fd, ph\u00e2n ph\u1ed1i v\u00e0 b\u1ea5t k\u1ef3 h\u00ecnh th\u1ee9c khai th\u00e1c n\u00e0o ngo\u00e0i gi\u1edbi h\u1ea1n c\u1ee7a lu\u1eadt b\u1ea3n quy\u1ec1n \u0111\u1ec1u c\u1ea7n c\u00f3 s\u1ef1 \u0111\u1ed3ng \u00fd b\u1eb1ng v\u0103n b\u1ea3n c\u1ee7a t\u00e1c gi\u1ea3 ho\u1eb7c ng\u01b0\u1eddi s\u00e1ng t\u1ea1o t\u01b0\u01a1ng \u1ee9ng. Ch\u1ec9 \u0111\u01b0\u1ee3c ph\u00e9p t\u1ea3i xu\u1ed1ng v\u00e0 sao ch\u00e9p trang n\u00e0y cho m\u1ee5c \u0111\u00edch s\u1eed d\u1ee5ng c\u00e1 nh\u00e2n, phi th\u01b0\u01a1ng m\u1ea1i.<\/p>\n<p>N\u1ebfu n\u1ed9i dung tr\u00ean trang n\u00e0y kh\u00f4ng ph\u1ea3i do nh\u00e0 \u0111i\u1ec1u h\u00e0nh t\u1ea1o ra th\u00ec b\u1ea3n quy\u1ec1n c\u1ee7a b\u00ean th\u1ee9 ba s\u1ebd \u0111\u01b0\u1ee3c tu\u00e2n th\u1ee7. N\u1ed9i dung c\u1ee5 th\u1ec3 c\u1ee7a b\u00ean th\u1ee9 ba \u0111\u01b0\u1ee3c bi\u1ec3u th\u1ecb nh\u01b0 v\u1eady. Tuy nhi\u00ean, n\u1ebfu b\u1ea1n th\u1ea5y c\u00f3 b\u1ea5t k\u1ef3 h\u00e0nh vi vi ph\u1ea1m b\u1ea3n quy\u1ec1n n\u00e0o, ch\u00fang t\u00f4i y\u00eau c\u1ea7u b\u1ea1n h\u00e3y th\u00f4ng b\u00e1o cho ch\u00fang t\u00f4i bi\u1ebft. N\u1ebfu nh\u1eadn th\u1ea5y b\u1ea5t k\u1ef3 h\u00e0nh vi vi ph\u1ea1m ph\u00e1p lu\u1eadt n\u00e0o, ch\u00fang t\u00f4i s\u1ebd x\u00f3a ngay n\u1ed9i dung \u0111\u00f3.<\/p>\n","protected":false},"excerpt":{"rendered":"<p>Th\u00f4ng tin xu\u1ea5t b\u1ea3n Theo \u00a7 5 TMG Linux Professional Institute 41 John Street, Upper Suite 1 Port Hope ON L1A 2Z3 Kanada \u0110\u1ea1i di\u1ec7n b\u1edfi: G. Matthew Rice Gi\u00e1m \u0111\u1ed1c \u0110i\u1ec1u h\u00e0nh Li\u00ean h\u1ec7 \u0110i\u1ec7n tho\u1ea1i: +1 905-885-5522 E-Mail: &#8230; <a href=\"https:\/\/www.lpi.org\/vi\/an-hieu\/\" class=\"button-link\">Read more<\/a><\/p>\n","protected":false},"author":1,"featured_media":0,"parent":0,"menu_order":0,"comment_status":"closed","ping_status":"closed","template":"","meta":{"_acf_changed":false,"footnotes":""},"class_list":["post-18116","page","type-page","status-publish","hentry"],"acf":[],"yoast_head":"<!-- This site is optimized with the Yoast SEO Premium plugin v27.2 (Yoast SEO v27.4) - https:\/\/yoast.com\/product\/yoast-seo-premium-wordpress\/ -->\n<title>Th\u00f4ng tin xu\u1ea5t b\u1ea3n - Linux Professional Institute (LPI)<\/title>\n<meta name=\"robots\" content=\"index, follow, max-snippet:-1, max-image-preview:large, max-video-preview:-1\" \/>\n<link rel=\"canonical\" href=\"https:\/\/www.lpi.org\/vi\/an-hieu\/\" \/>\n<meta property=\"og:locale\" content=\"vi_VN\" \/>\n<meta property=\"og:type\" content=\"article\" \/>\n<meta property=\"og:title\" content=\"Th\u00f4ng tin xu\u1ea5t b\u1ea3n\" \/>\n<meta property=\"og:description\" content=\"Th\u00f4ng tin xu\u1ea5t b\u1ea3n Theo \u00a7 5 TMG Linux Professional Institute 41 John Street, Upper Suite 1 Port Hope ON L1A 2Z3 Kanada \u0110\u1ea1i di\u1ec7n b\u1edfi: G. Matthew Rice Gi\u00e1m \u0111\u1ed1c \u0110i\u1ec1u h\u00e0nh Li\u00ean h\u1ec7 \u0110i\u1ec7n tho\u1ea1i: +1 905-885-5522 E-Mail: ... Read more\" \/>\n<meta property=\"og:url\" content=\"https:\/\/www.lpi.org\/vi\/an-hieu\/\" \/>\n<meta property=\"og:site_name\" content=\"Linux Professional Institute (LPI)\" \/>\n<meta property=\"article:publisher\" content=\"https:\/\/www.facebook.com\/LPIConnect\" \/>\n<meta property=\"article:modified_time\" content=\"2024-01-08T10:30:36+00:00\" \/>\n<meta name=\"twitter:card\" content=\"summary_large_image\" \/>\n<meta name=\"twitter:site\" content=\"@lpiconnect\" \/>\n<meta name=\"twitter:label1\" content=\"Est. reading time\" \/>\n\t<meta name=\"twitter:data1\" content=\"5 minutes\" \/>\n<script type=\"application\/ld+json\" class=\"yoast-schema-graph\">{\"@context\":\"https:\\\/\\\/schema.org\",\"@graph\":[{\"@type\":\"WebPage\",\"@id\":\"https:\\\/\\\/www.lpi.org\\\/vi\\\/an-hieu\\\/\",\"url\":\"https:\\\/\\\/www.lpi.org\\\/vi\\\/an-hieu\\\/\",\"name\":\"Th\u00f4ng tin xu\u1ea5t b\u1ea3n - Linux Professional Institute (LPI)\",\"isPartOf\":{\"@id\":\"https:\\\/\\\/www.lpi.org\\\/vi\\\/#website\"},\"datePublished\":\"2023-04-06T12:10:43+00:00\",\"dateModified\":\"2024-01-08T10:30:36+00:00\",\"breadcrumb\":{\"@id\":\"https:\\\/\\\/www.lpi.org\\\/vi\\\/an-hieu\\\/#breadcrumb\"},\"inLanguage\":\"vi-VN\",\"potentialAction\":[{\"@type\":\"ReadAction\",\"target\":[\"https:\\\/\\\/www.lpi.org\\\/vi\\\/an-hieu\\\/\"]}]},{\"@type\":\"BreadcrumbList\",\"@id\":\"https:\\\/\\\/www.lpi.org\\\/vi\\\/an-hieu\\\/#breadcrumb\",\"itemListElement\":[{\"@type\":\"ListItem\",\"position\":1,\"name\":\"Home\",\"item\":\"https:\\\/\\\/www.lpi.org\\\/vi\\\/\"},{\"@type\":\"ListItem\",\"position\":2,\"name\":\"Th\u00f4ng tin xu\u1ea5t b\u1ea3n\"}]},{\"@type\":\"WebSite\",\"@id\":\"https:\\\/\\\/www.lpi.org\\\/vi\\\/#website\",\"url\":\"https:\\\/\\\/www.lpi.org\\\/vi\\\/\",\"name\":\"Linux Professional Institute (LPI)\",\"description\":\"\",\"publisher\":{\"@id\":\"https:\\\/\\\/www.lpi.org\\\/vi\\\/#organization\"},\"potentialAction\":[{\"@type\":\"SearchAction\",\"target\":{\"@type\":\"EntryPoint\",\"urlTemplate\":\"https:\\\/\\\/www.lpi.org\\\/vi\\\/?s={search_term_string}\"},\"query-input\":{\"@type\":\"PropertyValueSpecification\",\"valueRequired\":true,\"valueName\":\"search_term_string\"}}],\"inLanguage\":\"vi-VN\"},{\"@type\":\"Organization\",\"@id\":\"https:\\\/\\\/www.lpi.org\\\/vi\\\/#organization\",\"name\":\"Linux Professional Institute (LPI)\",\"url\":\"https:\\\/\\\/www.lpi.org\\\/vi\\\/\",\"logo\":{\"@type\":\"ImageObject\",\"inLanguage\":\"vi-VN\",\"@id\":\"https:\\\/\\\/www.lpi.org\\\/vi\\\/#\\\/schema\\\/logo\\\/image\\\/\",\"url\":\"https:\\\/\\\/www.lpi.org\\\/wp-content\\\/uploads\\\/2023\\\/04\\\/logo.png\",\"contentUrl\":\"https:\\\/\\\/www.lpi.org\\\/wp-content\\\/uploads\\\/2023\\\/04\\\/logo.png\",\"width\":496,\"height\":175,\"caption\":\"Linux Professional Institute (LPI)\"},\"image\":{\"@id\":\"https:\\\/\\\/www.lpi.org\\\/vi\\\/#\\\/schema\\\/logo\\\/image\\\/\"},\"sameAs\":[\"https:\\\/\\\/www.facebook.com\\\/LPIConnect\",\"https:\\\/\\\/x.com\\\/lpiconnect\",\"https:\\\/\\\/www.linkedin.com\\\/company\\\/35136\",\"https:\\\/\\\/www.instagram.com\\\/lpi_org\\\/\",\"https:\\\/\\\/fosstodon.org\\\/@LPI\"]}]}<\/script>\n<!-- \/ Yoast SEO Premium plugin. -->","yoast_head_json":{"title":"Th\u00f4ng tin xu\u1ea5t b\u1ea3n - Linux Professional Institute (LPI)","robots":{"index":"index","follow":"follow","max-snippet":"max-snippet:-1","max-image-preview":"max-image-preview:large","max-video-preview":"max-video-preview:-1"},"canonical":"https:\/\/www.lpi.org\/vi\/an-hieu\/","og_locale":"vi_VN","og_type":"article","og_title":"Th\u00f4ng tin xu\u1ea5t b\u1ea3n","og_description":"Th\u00f4ng tin xu\u1ea5t b\u1ea3n Theo \u00a7 5 TMG Linux Professional Institute 41 John Street, Upper Suite 1 Port Hope ON L1A 2Z3 Kanada \u0110\u1ea1i di\u1ec7n b\u1edfi: G. Matthew Rice Gi\u00e1m \u0111\u1ed1c \u0110i\u1ec1u h\u00e0nh Li\u00ean h\u1ec7 \u0110i\u1ec7n tho\u1ea1i: +1 905-885-5522 E-Mail: ... Read more","og_url":"https:\/\/www.lpi.org\/vi\/an-hieu\/","og_site_name":"Linux Professional Institute (LPI)","article_publisher":"https:\/\/www.facebook.com\/LPIConnect","article_modified_time":"2024-01-08T10:30:36+00:00","twitter_card":"summary_large_image","twitter_site":"@lpiconnect","twitter_misc":{"Est. reading time":"5 minutes"},"schema":{"@context":"https:\/\/schema.org","@graph":[{"@type":"WebPage","@id":"https:\/\/www.lpi.org\/vi\/an-hieu\/","url":"https:\/\/www.lpi.org\/vi\/an-hieu\/","name":"Th\u00f4ng tin xu\u1ea5t b\u1ea3n - Linux Professional Institute (LPI)","isPartOf":{"@id":"https:\/\/www.lpi.org\/vi\/#website"},"datePublished":"2023-04-06T12:10:43+00:00","dateModified":"2024-01-08T10:30:36+00:00","breadcrumb":{"@id":"https:\/\/www.lpi.org\/vi\/an-hieu\/#breadcrumb"},"inLanguage":"vi-VN","potentialAction":[{"@type":"ReadAction","target":["https:\/\/www.lpi.org\/vi\/an-hieu\/"]}]},{"@type":"BreadcrumbList","@id":"https:\/\/www.lpi.org\/vi\/an-hieu\/#breadcrumb","itemListElement":[{"@type":"ListItem","position":1,"name":"Home","item":"https:\/\/www.lpi.org\/vi\/"},{"@type":"ListItem","position":2,"name":"Th\u00f4ng tin xu\u1ea5t b\u1ea3n"}]},{"@type":"WebSite","@id":"https:\/\/www.lpi.org\/vi\/#website","url":"https:\/\/www.lpi.org\/vi\/","name":"Linux Professional Institute (LPI)","description":"","publisher":{"@id":"https:\/\/www.lpi.org\/vi\/#organization"},"potentialAction":[{"@type":"SearchAction","target":{"@type":"EntryPoint","urlTemplate":"https:\/\/www.lpi.org\/vi\/?s={search_term_string}"},"query-input":{"@type":"PropertyValueSpecification","valueRequired":true,"valueName":"search_term_string"}}],"inLanguage":"vi-VN"},{"@type":"Organization","@id":"https:\/\/www.lpi.org\/vi\/#organization","name":"Linux Professional Institute (LPI)","url":"https:\/\/www.lpi.org\/vi\/","logo":{"@type":"ImageObject","inLanguage":"vi-VN","@id":"https:\/\/www.lpi.org\/vi\/#\/schema\/logo\/image\/","url":"https:\/\/www.lpi.org\/wp-content\/uploads\/2023\/04\/logo.png","contentUrl":"https:\/\/www.lpi.org\/wp-content\/uploads\/2023\/04\/logo.png","width":496,"height":175,"caption":"Linux Professional Institute (LPI)"},"image":{"@id":"https:\/\/www.lpi.org\/vi\/#\/schema\/logo\/image\/"},"sameAs":["https:\/\/www.facebook.com\/LPIConnect","https:\/\/x.com\/lpiconnect","https:\/\/www.linkedin.com\/company\/35136","https:\/\/www.instagram.com\/lpi_org\/","https:\/\/fosstodon.org\/@LPI"]}]}},"_links":{"self":[{"href":"https:\/\/www.lpi.org\/vi\/wp-json\/wp\/v2\/pages\/18116","targetHints":{"allow":["GET"]}}],"collection":[{"href":"https:\/\/www.lpi.org\/vi\/wp-json\/wp\/v2\/pages"}],"about":[{"href":"https:\/\/www.lpi.org\/vi\/wp-json\/wp\/v2\/types\/page"}],"author":[{"embeddable":true,"href":"https:\/\/www.lpi.org\/vi\/wp-json\/wp\/v2\/users\/1"}],"replies":[{"embeddable":true,"href":"https:\/\/www.lpi.org\/vi\/wp-json\/wp\/v2\/comments?post=18116"}],"version-history":[{"count":2,"href":"https:\/\/www.lpi.org\/vi\/wp-json\/wp\/v2\/pages\/18116\/revisions"}],"predecessor-version":[{"id":20180,"href":"https:\/\/www.lpi.org\/vi\/wp-json\/wp\/v2\/pages\/18116\/revisions\/20180"}],"wp:attachment":[{"href":"https:\/\/www.lpi.org\/vi\/wp-json\/wp\/v2\/media?parent=18116"}],"curies":[{"name":"wp","href":"https:\/\/api.w.org\/{rel}","templated":true}]}}