{"id":18968,"date":"2023-04-06T06:38:21","date_gmt":"2023-04-06T10:38:21","guid":{"rendered":"https:\/\/www.lpi.org\/cac-chinh-phu-dang-chuyen-sang-su-dung-linux\/"},"modified":"2023-11-12T01:42:54","modified_gmt":"2023-11-12T06:42:54","slug":"cac-chinh-phu-dang-chuyen-sang-su-dung-linux","status":"publish","type":"page","link":"https:\/\/www.lpi.org\/vi\/cac-chinh-phu-dang-chuyen-sang-su-dung-linux\/","title":{"rendered":"C\u00e1c Ch\u00ednh ph\u1ee7 \u0111ang Chuy\u1ec3n sang s\u1eed d\u1ee5ng Linux"},"content":{"rendered":"","protected":false},"excerpt":{"rendered":"","protected":false},"author":1,"featured_media":0,"parent":0,"menu_order":0,"comment_status":"closed","ping_status":"closed","template":"template-sections.php","meta":{"_acf_changed":false,"footnotes":""},"class_list":["post-18968","page","type-page","status-publish","hentry"],"acf":[],"yoast_head":"<!-- This site is optimized with the Yoast SEO Premium plugin v27.2 (Yoast SEO v27.5) - https:\/\/yoast.com\/product\/yoast-seo-premium-wordpress\/ -->\n<title>C\u00e1c Ch\u00ednh ph\u1ee7 \u0111ang Chuy\u1ec3n sang s\u1eed d\u1ee5ng Linux - Linux Professional Institute (LPI)<\/title>\n<meta name=\"description\" content=\"Nhi\u1ec1u ch\u00ednh ph\u1ee7 tr\u00ean th\u1ebf gi\u1edbi \u0111ang chuy\u1ec3n sang s\u1eed d\u1ee5ng Linux v\u00e0 m\u00e3 ngu\u1ed3n m\u1edf. T\u00ecm hi\u1ec3u th\u00eam v\u1ec1 n\u00f3 \u1edf \u0111\u00e2y v\u00e0 t\u1ea1i sao ch\u1ee9ng nh\u1eadn l\u1ea1i c\u00f3 gi\u00e1 tr\u1ecb.\" \/>\n<meta name=\"robots\" content=\"index, follow, max-snippet:-1, max-image-preview:large, max-video-preview:-1\" \/>\n<link rel=\"canonical\" href=\"https:\/\/www.lpi.org\/vi\/cac-chinh-phu-dang-chuyen-sang-su-dung-linux\/\" \/>\n<meta property=\"og:locale\" content=\"vi_VN\" \/>\n<meta property=\"og:type\" content=\"article\" \/>\n<meta property=\"og:title\" content=\"C\u00e1c Ch\u00ednh ph\u1ee7 \u0111ang Chuy\u1ec3n sang s\u1eed d\u1ee5ng Linux\" \/>\n<meta property=\"og:description\" content=\"Nhi\u1ec1u ch\u00ednh ph\u1ee7 tr\u00ean th\u1ebf gi\u1edbi \u0111ang chuy\u1ec3n sang s\u1eed d\u1ee5ng Linux v\u00e0 m\u00e3 ngu\u1ed3n m\u1edf. T\u00ecm hi\u1ec3u th\u00eam v\u1ec1 n\u00f3 \u1edf \u0111\u00e2y v\u00e0 t\u1ea1i sao ch\u1ee9ng nh\u1eadn l\u1ea1i c\u00f3 gi\u00e1 tr\u1ecb.\" \/>\n<meta property=\"og:url\" content=\"https:\/\/www.lpi.org\/vi\/cac-chinh-phu-dang-chuyen-sang-su-dung-linux\/\" \/>\n<meta property=\"og:site_name\" content=\"Linux Professional Institute (LPI)\" \/>\n<meta property=\"article:publisher\" content=\"https:\/\/www.facebook.com\/LPIConnect\" \/>\n<meta property=\"article:modified_time\" content=\"2023-11-12T06:42:54+00:00\" \/>\n<meta name=\"twitter:card\" content=\"summary_large_image\" \/>\n<meta name=\"twitter:site\" content=\"@lpiconnect\" \/>\n<script type=\"application\/ld+json\" class=\"yoast-schema-graph\">{\"@context\":\"https:\\\/\\\/schema.org\",\"@graph\":[{\"@type\":\"WebPage\",\"@id\":\"https:\\\/\\\/www.lpi.org\\\/vi\\\/cac-chinh-phu-dang-chuyen-sang-su-dung-linux\\\/\",\"url\":\"https:\\\/\\\/www.lpi.org\\\/vi\\\/cac-chinh-phu-dang-chuyen-sang-su-dung-linux\\\/\",\"name\":\"C\u00e1c Ch\u00ednh ph\u1ee7 \u0111ang Chuy\u1ec3n sang s\u1eed d\u1ee5ng Linux - Linux Professional Institute (LPI)\",\"isPartOf\":{\"@id\":\"https:\\\/\\\/www.lpi.org\\\/vi\\\/#website\"},\"datePublished\":\"2023-04-06T10:38:21+00:00\",\"dateModified\":\"2023-11-12T06:42:54+00:00\",\"description\":\"Nhi\u1ec1u ch\u00ednh ph\u1ee7 tr\u00ean th\u1ebf gi\u1edbi \u0111ang chuy\u1ec3n sang s\u1eed d\u1ee5ng Linux v\u00e0 m\u00e3 ngu\u1ed3n m\u1edf. T\u00ecm hi\u1ec3u th\u00eam v\u1ec1 n\u00f3 \u1edf \u0111\u00e2y v\u00e0 t\u1ea1i sao ch\u1ee9ng nh\u1eadn l\u1ea1i c\u00f3 gi\u00e1 tr\u1ecb.\",\"breadcrumb\":{\"@id\":\"https:\\\/\\\/www.lpi.org\\\/vi\\\/cac-chinh-phu-dang-chuyen-sang-su-dung-linux\\\/#breadcrumb\"},\"inLanguage\":\"vi-VN\",\"potentialAction\":[{\"@type\":\"ReadAction\",\"target\":[\"https:\\\/\\\/www.lpi.org\\\/vi\\\/cac-chinh-phu-dang-chuyen-sang-su-dung-linux\\\/\"]}]},{\"@type\":\"BreadcrumbList\",\"@id\":\"https:\\\/\\\/www.lpi.org\\\/vi\\\/cac-chinh-phu-dang-chuyen-sang-su-dung-linux\\\/#breadcrumb\",\"itemListElement\":[{\"@type\":\"ListItem\",\"position\":1,\"name\":\"Home\",\"item\":\"https:\\\/\\\/www.lpi.org\\\/vi\\\/\"},{\"@type\":\"ListItem\",\"position\":2,\"name\":\"C\u00e1c Ch\u00ednh ph\u1ee7 \u0111ang Chuy\u1ec3n sang s\u1eed d\u1ee5ng Linux\"}]},{\"@type\":\"WebSite\",\"@id\":\"https:\\\/\\\/www.lpi.org\\\/vi\\\/#website\",\"url\":\"https:\\\/\\\/www.lpi.org\\\/vi\\\/\",\"name\":\"Linux Professional Institute (LPI)\",\"description\":\"\",\"publisher\":{\"@id\":\"https:\\\/\\\/www.lpi.org\\\/vi\\\/#organization\"},\"potentialAction\":[{\"@type\":\"SearchAction\",\"target\":{\"@type\":\"EntryPoint\",\"urlTemplate\":\"https:\\\/\\\/www.lpi.org\\\/vi\\\/?s={search_term_string}\"},\"query-input\":{\"@type\":\"PropertyValueSpecification\",\"valueRequired\":true,\"valueName\":\"search_term_string\"}}],\"inLanguage\":\"vi-VN\"},{\"@type\":\"Organization\",\"@id\":\"https:\\\/\\\/www.lpi.org\\\/vi\\\/#organization\",\"name\":\"Linux Professional Institute (LPI)\",\"url\":\"https:\\\/\\\/www.lpi.org\\\/vi\\\/\",\"logo\":{\"@type\":\"ImageObject\",\"inLanguage\":\"vi-VN\",\"@id\":\"https:\\\/\\\/www.lpi.org\\\/vi\\\/#\\\/schema\\\/logo\\\/image\\\/\",\"url\":\"https:\\\/\\\/www.lpi.org\\\/wp-content\\\/uploads\\\/2023\\\/04\\\/logo.png\",\"contentUrl\":\"https:\\\/\\\/www.lpi.org\\\/wp-content\\\/uploads\\\/2023\\\/04\\\/logo.png\",\"width\":496,\"height\":175,\"caption\":\"Linux Professional Institute (LPI)\"},\"image\":{\"@id\":\"https:\\\/\\\/www.lpi.org\\\/vi\\\/#\\\/schema\\\/logo\\\/image\\\/\"},\"sameAs\":[\"https:\\\/\\\/www.facebook.com\\\/LPIConnect\",\"https:\\\/\\\/x.com\\\/lpiconnect\",\"https:\\\/\\\/www.linkedin.com\\\/company\\\/35136\",\"https:\\\/\\\/www.instagram.com\\\/lpi_org\\\/\",\"https:\\\/\\\/fosstodon.org\\\/@LPI\"]}]}<\/script>\n<!-- \/ Yoast SEO Premium plugin. -->","yoast_head_json":{"title":"C\u00e1c Ch\u00ednh ph\u1ee7 \u0111ang Chuy\u1ec3n sang s\u1eed d\u1ee5ng Linux - Linux Professional Institute (LPI)","description":"Nhi\u1ec1u ch\u00ednh ph\u1ee7 tr\u00ean th\u1ebf gi\u1edbi \u0111ang chuy\u1ec3n sang s\u1eed d\u1ee5ng Linux v\u00e0 m\u00e3 ngu\u1ed3n m\u1edf. T\u00ecm hi\u1ec3u th\u00eam v\u1ec1 n\u00f3 \u1edf \u0111\u00e2y v\u00e0 t\u1ea1i sao ch\u1ee9ng nh\u1eadn l\u1ea1i c\u00f3 gi\u00e1 tr\u1ecb.","robots":{"index":"index","follow":"follow","max-snippet":"max-snippet:-1","max-image-preview":"max-image-preview:large","max-video-preview":"max-video-preview:-1"},"canonical":"https:\/\/www.lpi.org\/vi\/cac-chinh-phu-dang-chuyen-sang-su-dung-linux\/","og_locale":"vi_VN","og_type":"article","og_title":"C\u00e1c Ch\u00ednh ph\u1ee7 \u0111ang Chuy\u1ec3n sang s\u1eed d\u1ee5ng Linux","og_description":"Nhi\u1ec1u ch\u00ednh ph\u1ee7 tr\u00ean th\u1ebf gi\u1edbi \u0111ang chuy\u1ec3n sang s\u1eed d\u1ee5ng Linux v\u00e0 m\u00e3 ngu\u1ed3n m\u1edf. T\u00ecm hi\u1ec3u th\u00eam v\u1ec1 n\u00f3 \u1edf \u0111\u00e2y v\u00e0 t\u1ea1i sao ch\u1ee9ng nh\u1eadn l\u1ea1i c\u00f3 gi\u00e1 tr\u1ecb.","og_url":"https:\/\/www.lpi.org\/vi\/cac-chinh-phu-dang-chuyen-sang-su-dung-linux\/","og_site_name":"Linux Professional Institute (LPI)","article_publisher":"https:\/\/www.facebook.com\/LPIConnect","article_modified_time":"2023-11-12T06:42:54+00:00","twitter_card":"summary_large_image","twitter_site":"@lpiconnect","schema":{"@context":"https:\/\/schema.org","@graph":[{"@type":"WebPage","@id":"https:\/\/www.lpi.org\/vi\/cac-chinh-phu-dang-chuyen-sang-su-dung-linux\/","url":"https:\/\/www.lpi.org\/vi\/cac-chinh-phu-dang-chuyen-sang-su-dung-linux\/","name":"C\u00e1c Ch\u00ednh ph\u1ee7 \u0111ang Chuy\u1ec3n sang s\u1eed d\u1ee5ng Linux - Linux Professional Institute (LPI)","isPartOf":{"@id":"https:\/\/www.lpi.org\/vi\/#website"},"datePublished":"2023-04-06T10:38:21+00:00","dateModified":"2023-11-12T06:42:54+00:00","description":"Nhi\u1ec1u ch\u00ednh ph\u1ee7 tr\u00ean th\u1ebf gi\u1edbi \u0111ang chuy\u1ec3n sang s\u1eed d\u1ee5ng Linux v\u00e0 m\u00e3 ngu\u1ed3n m\u1edf. T\u00ecm hi\u1ec3u th\u00eam v\u1ec1 n\u00f3 \u1edf \u0111\u00e2y v\u00e0 t\u1ea1i sao ch\u1ee9ng nh\u1eadn l\u1ea1i c\u00f3 gi\u00e1 tr\u1ecb.","breadcrumb":{"@id":"https:\/\/www.lpi.org\/vi\/cac-chinh-phu-dang-chuyen-sang-su-dung-linux\/#breadcrumb"},"inLanguage":"vi-VN","potentialAction":[{"@type":"ReadAction","target":["https:\/\/www.lpi.org\/vi\/cac-chinh-phu-dang-chuyen-sang-su-dung-linux\/"]}]},{"@type":"BreadcrumbList","@id":"https:\/\/www.lpi.org\/vi\/cac-chinh-phu-dang-chuyen-sang-su-dung-linux\/#breadcrumb","itemListElement":[{"@type":"ListItem","position":1,"name":"Home","item":"https:\/\/www.lpi.org\/vi\/"},{"@type":"ListItem","position":2,"name":"C\u00e1c Ch\u00ednh ph\u1ee7 \u0111ang Chuy\u1ec3n sang s\u1eed d\u1ee5ng Linux"}]},{"@type":"WebSite","@id":"https:\/\/www.lpi.org\/vi\/#website","url":"https:\/\/www.lpi.org\/vi\/","name":"Linux Professional Institute (LPI)","description":"","publisher":{"@id":"https:\/\/www.lpi.org\/vi\/#organization"},"potentialAction":[{"@type":"SearchAction","target":{"@type":"EntryPoint","urlTemplate":"https:\/\/www.lpi.org\/vi\/?s={search_term_string}"},"query-input":{"@type":"PropertyValueSpecification","valueRequired":true,"valueName":"search_term_string"}}],"inLanguage":"vi-VN"},{"@type":"Organization","@id":"https:\/\/www.lpi.org\/vi\/#organization","name":"Linux Professional Institute (LPI)","url":"https:\/\/www.lpi.org\/vi\/","logo":{"@type":"ImageObject","inLanguage":"vi-VN","@id":"https:\/\/www.lpi.org\/vi\/#\/schema\/logo\/image\/","url":"https:\/\/www.lpi.org\/wp-content\/uploads\/2023\/04\/logo.png","contentUrl":"https:\/\/www.lpi.org\/wp-content\/uploads\/2023\/04\/logo.png","width":496,"height":175,"caption":"Linux Professional Institute (LPI)"},"image":{"@id":"https:\/\/www.lpi.org\/vi\/#\/schema\/logo\/image\/"},"sameAs":["https:\/\/www.facebook.com\/LPIConnect","https:\/\/x.com\/lpiconnect","https:\/\/www.linkedin.com\/company\/35136","https:\/\/www.instagram.com\/lpi_org\/","https:\/\/fosstodon.org\/@LPI"]}]}},"_links":{"self":[{"href":"https:\/\/www.lpi.org\/vi\/wp-json\/wp\/v2\/pages\/18968","targetHints":{"allow":["GET"]}}],"collection":[{"href":"https:\/\/www.lpi.org\/vi\/wp-json\/wp\/v2\/pages"}],"about":[{"href":"https:\/\/www.lpi.org\/vi\/wp-json\/wp\/v2\/types\/page"}],"author":[{"embeddable":true,"href":"https:\/\/www.lpi.org\/vi\/wp-json\/wp\/v2\/users\/1"}],"replies":[{"embeddable":true,"href":"https:\/\/www.lpi.org\/vi\/wp-json\/wp\/v2\/comments?post=18968"}],"version-history":[{"count":2,"href":"https:\/\/www.lpi.org\/vi\/wp-json\/wp\/v2\/pages\/18968\/revisions"}],"predecessor-version":[{"id":19391,"href":"https:\/\/www.lpi.org\/vi\/wp-json\/wp\/v2\/pages\/18968\/revisions\/19391"}],"wp:attachment":[{"href":"https:\/\/www.lpi.org\/vi\/wp-json\/wp\/v2\/media?parent=18968"}],"curies":[{"name":"wp","href":"https:\/\/api.w.org\/{rel}","templated":true}]}}