{"id":18986,"date":"2023-04-06T10:16:51","date_gmt":"2023-04-06T14:16:51","guid":{"rendered":"https:\/\/www.lpi.org\/hoc-linux-va-lay-chung-chi\/"},"modified":"2023-11-12T01:48:29","modified_gmt":"2023-11-12T06:48:29","slug":"hoc-linux-va-lay-chung-chi","status":"publish","type":"page","link":"https:\/\/www.lpi.org\/vi\/hoc-linux-va-lay-chung-chi\/","title":{"rendered":"H\u1ecdc Linux v\u00e0 L\u1ea5y Ch\u1ee9ng ch\u1ec9"},"content":{"rendered":"","protected":false},"excerpt":{"rendered":"","protected":false},"author":1,"featured_media":0,"parent":0,"menu_order":0,"comment_status":"closed","ping_status":"closed","template":"template-sections.php","meta":{"_acf_changed":false,"footnotes":""},"class_list":["post-18986","page","type-page","status-publish","hentry"],"acf":[],"yoast_head":"<!-- This site is optimized with the Yoast SEO Premium plugin v27.2 (Yoast SEO v27.4) - https:\/\/yoast.com\/product\/yoast-seo-premium-wordpress\/ -->\n<title>H\u1ecdc Linux v\u00e0 L\u1ea5y Ch\u1ee9ng ch\u1ec9 - Linux Professional Institute (LPI)<\/title>\n<meta name=\"description\" content=\"Kh\u00f4ng gi\u1ed1ng nh\u01b0 h\u1ea7u h\u1ebft c\u00e1c ng\u00e0nh ngh\u1ec1, t\u00e0i n\u0103ng m\u00e3 ngu\u1ed3n m\u1edf khan hi\u1ebfm v\u00e0 c\u00f3 nhu c\u1ea7u cao. Linux Professional Institute (LPI) m\u1edf ra c\u00e1nh c\u1eeda cho ng\u01b0\u1eddi m\u1edbi b\u1eaft \u0111\u1ea7u Linux.\" \/>\n<meta name=\"robots\" content=\"index, follow, max-snippet:-1, max-image-preview:large, max-video-preview:-1\" \/>\n<link rel=\"canonical\" href=\"https:\/\/www.lpi.org\/vi\/hoc-linux-va-lay-chung-chi\/\" \/>\n<meta property=\"og:locale\" content=\"vi_VN\" \/>\n<meta property=\"og:type\" content=\"article\" \/>\n<meta property=\"og:title\" content=\"H\u1ecdc Linux v\u00e0 L\u1ea5y Ch\u1ee9ng ch\u1ec9\" \/>\n<meta property=\"og:description\" content=\"Kh\u00f4ng gi\u1ed1ng nh\u01b0 h\u1ea7u h\u1ebft c\u00e1c ng\u00e0nh ngh\u1ec1, t\u00e0i n\u0103ng m\u00e3 ngu\u1ed3n m\u1edf khan hi\u1ebfm v\u00e0 c\u00f3 nhu c\u1ea7u cao. Linux Professional Institute (LPI) m\u1edf ra c\u00e1nh c\u1eeda cho ng\u01b0\u1eddi m\u1edbi b\u1eaft \u0111\u1ea7u Linux.\" \/>\n<meta property=\"og:url\" content=\"https:\/\/www.lpi.org\/vi\/hoc-linux-va-lay-chung-chi\/\" \/>\n<meta property=\"og:site_name\" content=\"Linux Professional Institute (LPI)\" \/>\n<meta property=\"article:publisher\" content=\"https:\/\/www.facebook.com\/LPIConnect\" \/>\n<meta property=\"article:modified_time\" content=\"2023-11-12T06:48:29+00:00\" \/>\n<meta name=\"twitter:card\" content=\"summary_large_image\" \/>\n<meta name=\"twitter:site\" content=\"@lpiconnect\" \/>\n<script type=\"application\/ld+json\" class=\"yoast-schema-graph\">{\"@context\":\"https:\\\/\\\/schema.org\",\"@graph\":[{\"@type\":\"WebPage\",\"@id\":\"https:\\\/\\\/www.lpi.org\\\/vi\\\/hoc-linux-va-lay-chung-chi\\\/\",\"url\":\"https:\\\/\\\/www.lpi.org\\\/vi\\\/hoc-linux-va-lay-chung-chi\\\/\",\"name\":\"H\u1ecdc Linux v\u00e0 L\u1ea5y Ch\u1ee9ng ch\u1ec9 - Linux Professional Institute (LPI)\",\"isPartOf\":{\"@id\":\"https:\\\/\\\/www.lpi.org\\\/vi\\\/#website\"},\"datePublished\":\"2023-04-06T14:16:51+00:00\",\"dateModified\":\"2023-11-12T06:48:29+00:00\",\"description\":\"Kh\u00f4ng gi\u1ed1ng nh\u01b0 h\u1ea7u h\u1ebft c\u00e1c ng\u00e0nh ngh\u1ec1, t\u00e0i n\u0103ng m\u00e3 ngu\u1ed3n m\u1edf khan hi\u1ebfm v\u00e0 c\u00f3 nhu c\u1ea7u cao. Linux Professional Institute (LPI) m\u1edf ra c\u00e1nh c\u1eeda cho ng\u01b0\u1eddi m\u1edbi b\u1eaft \u0111\u1ea7u Linux.\",\"breadcrumb\":{\"@id\":\"https:\\\/\\\/www.lpi.org\\\/vi\\\/hoc-linux-va-lay-chung-chi\\\/#breadcrumb\"},\"inLanguage\":\"vi-VN\",\"potentialAction\":[{\"@type\":\"ReadAction\",\"target\":[\"https:\\\/\\\/www.lpi.org\\\/vi\\\/hoc-linux-va-lay-chung-chi\\\/\"]}]},{\"@type\":\"BreadcrumbList\",\"@id\":\"https:\\\/\\\/www.lpi.org\\\/vi\\\/hoc-linux-va-lay-chung-chi\\\/#breadcrumb\",\"itemListElement\":[{\"@type\":\"ListItem\",\"position\":1,\"name\":\"Home\",\"item\":\"https:\\\/\\\/www.lpi.org\\\/vi\\\/\"},{\"@type\":\"ListItem\",\"position\":2,\"name\":\"H\u1ecdc Linux v\u00e0 L\u1ea5y Ch\u1ee9ng ch\u1ec9\"}]},{\"@type\":\"WebSite\",\"@id\":\"https:\\\/\\\/www.lpi.org\\\/vi\\\/#website\",\"url\":\"https:\\\/\\\/www.lpi.org\\\/vi\\\/\",\"name\":\"Linux Professional Institute (LPI)\",\"description\":\"\",\"publisher\":{\"@id\":\"https:\\\/\\\/www.lpi.org\\\/vi\\\/#organization\"},\"potentialAction\":[{\"@type\":\"SearchAction\",\"target\":{\"@type\":\"EntryPoint\",\"urlTemplate\":\"https:\\\/\\\/www.lpi.org\\\/vi\\\/?s={search_term_string}\"},\"query-input\":{\"@type\":\"PropertyValueSpecification\",\"valueRequired\":true,\"valueName\":\"search_term_string\"}}],\"inLanguage\":\"vi-VN\"},{\"@type\":\"Organization\",\"@id\":\"https:\\\/\\\/www.lpi.org\\\/vi\\\/#organization\",\"name\":\"Linux Professional Institute (LPI)\",\"url\":\"https:\\\/\\\/www.lpi.org\\\/vi\\\/\",\"logo\":{\"@type\":\"ImageObject\",\"inLanguage\":\"vi-VN\",\"@id\":\"https:\\\/\\\/www.lpi.org\\\/vi\\\/#\\\/schema\\\/logo\\\/image\\\/\",\"url\":\"https:\\\/\\\/www.lpi.org\\\/wp-content\\\/uploads\\\/2023\\\/04\\\/logo.png\",\"contentUrl\":\"https:\\\/\\\/www.lpi.org\\\/wp-content\\\/uploads\\\/2023\\\/04\\\/logo.png\",\"width\":496,\"height\":175,\"caption\":\"Linux Professional Institute (LPI)\"},\"image\":{\"@id\":\"https:\\\/\\\/www.lpi.org\\\/vi\\\/#\\\/schema\\\/logo\\\/image\\\/\"},\"sameAs\":[\"https:\\\/\\\/www.facebook.com\\\/LPIConnect\",\"https:\\\/\\\/x.com\\\/lpiconnect\",\"https:\\\/\\\/www.linkedin.com\\\/company\\\/35136\",\"https:\\\/\\\/www.instagram.com\\\/lpi_org\\\/\",\"https:\\\/\\\/fosstodon.org\\\/@LPI\"]}]}<\/script>\n<!-- \/ Yoast SEO Premium plugin. -->","yoast_head_json":{"title":"H\u1ecdc Linux v\u00e0 L\u1ea5y Ch\u1ee9ng ch\u1ec9 - Linux Professional Institute (LPI)","description":"Kh\u00f4ng gi\u1ed1ng nh\u01b0 h\u1ea7u h\u1ebft c\u00e1c ng\u00e0nh ngh\u1ec1, t\u00e0i n\u0103ng m\u00e3 ngu\u1ed3n m\u1edf khan hi\u1ebfm v\u00e0 c\u00f3 nhu c\u1ea7u cao. Linux Professional Institute (LPI) m\u1edf ra c\u00e1nh c\u1eeda cho ng\u01b0\u1eddi m\u1edbi b\u1eaft \u0111\u1ea7u Linux.","robots":{"index":"index","follow":"follow","max-snippet":"max-snippet:-1","max-image-preview":"max-image-preview:large","max-video-preview":"max-video-preview:-1"},"canonical":"https:\/\/www.lpi.org\/vi\/hoc-linux-va-lay-chung-chi\/","og_locale":"vi_VN","og_type":"article","og_title":"H\u1ecdc Linux v\u00e0 L\u1ea5y Ch\u1ee9ng ch\u1ec9","og_description":"Kh\u00f4ng gi\u1ed1ng nh\u01b0 h\u1ea7u h\u1ebft c\u00e1c ng\u00e0nh ngh\u1ec1, t\u00e0i n\u0103ng m\u00e3 ngu\u1ed3n m\u1edf khan hi\u1ebfm v\u00e0 c\u00f3 nhu c\u1ea7u cao. Linux Professional Institute (LPI) m\u1edf ra c\u00e1nh c\u1eeda cho ng\u01b0\u1eddi m\u1edbi b\u1eaft \u0111\u1ea7u Linux.","og_url":"https:\/\/www.lpi.org\/vi\/hoc-linux-va-lay-chung-chi\/","og_site_name":"Linux Professional Institute (LPI)","article_publisher":"https:\/\/www.facebook.com\/LPIConnect","article_modified_time":"2023-11-12T06:48:29+00:00","twitter_card":"summary_large_image","twitter_site":"@lpiconnect","schema":{"@context":"https:\/\/schema.org","@graph":[{"@type":"WebPage","@id":"https:\/\/www.lpi.org\/vi\/hoc-linux-va-lay-chung-chi\/","url":"https:\/\/www.lpi.org\/vi\/hoc-linux-va-lay-chung-chi\/","name":"H\u1ecdc Linux v\u00e0 L\u1ea5y Ch\u1ee9ng ch\u1ec9 - Linux Professional Institute (LPI)","isPartOf":{"@id":"https:\/\/www.lpi.org\/vi\/#website"},"datePublished":"2023-04-06T14:16:51+00:00","dateModified":"2023-11-12T06:48:29+00:00","description":"Kh\u00f4ng gi\u1ed1ng nh\u01b0 h\u1ea7u h\u1ebft c\u00e1c ng\u00e0nh ngh\u1ec1, t\u00e0i n\u0103ng m\u00e3 ngu\u1ed3n m\u1edf khan hi\u1ebfm v\u00e0 c\u00f3 nhu c\u1ea7u cao. Linux Professional Institute (LPI) m\u1edf ra c\u00e1nh c\u1eeda cho ng\u01b0\u1eddi m\u1edbi b\u1eaft \u0111\u1ea7u Linux.","breadcrumb":{"@id":"https:\/\/www.lpi.org\/vi\/hoc-linux-va-lay-chung-chi\/#breadcrumb"},"inLanguage":"vi-VN","potentialAction":[{"@type":"ReadAction","target":["https:\/\/www.lpi.org\/vi\/hoc-linux-va-lay-chung-chi\/"]}]},{"@type":"BreadcrumbList","@id":"https:\/\/www.lpi.org\/vi\/hoc-linux-va-lay-chung-chi\/#breadcrumb","itemListElement":[{"@type":"ListItem","position":1,"name":"Home","item":"https:\/\/www.lpi.org\/vi\/"},{"@type":"ListItem","position":2,"name":"H\u1ecdc Linux v\u00e0 L\u1ea5y Ch\u1ee9ng ch\u1ec9"}]},{"@type":"WebSite","@id":"https:\/\/www.lpi.org\/vi\/#website","url":"https:\/\/www.lpi.org\/vi\/","name":"Linux Professional Institute (LPI)","description":"","publisher":{"@id":"https:\/\/www.lpi.org\/vi\/#organization"},"potentialAction":[{"@type":"SearchAction","target":{"@type":"EntryPoint","urlTemplate":"https:\/\/www.lpi.org\/vi\/?s={search_term_string}"},"query-input":{"@type":"PropertyValueSpecification","valueRequired":true,"valueName":"search_term_string"}}],"inLanguage":"vi-VN"},{"@type":"Organization","@id":"https:\/\/www.lpi.org\/vi\/#organization","name":"Linux Professional Institute (LPI)","url":"https:\/\/www.lpi.org\/vi\/","logo":{"@type":"ImageObject","inLanguage":"vi-VN","@id":"https:\/\/www.lpi.org\/vi\/#\/schema\/logo\/image\/","url":"https:\/\/www.lpi.org\/wp-content\/uploads\/2023\/04\/logo.png","contentUrl":"https:\/\/www.lpi.org\/wp-content\/uploads\/2023\/04\/logo.png","width":496,"height":175,"caption":"Linux Professional Institute (LPI)"},"image":{"@id":"https:\/\/www.lpi.org\/vi\/#\/schema\/logo\/image\/"},"sameAs":["https:\/\/www.facebook.com\/LPIConnect","https:\/\/x.com\/lpiconnect","https:\/\/www.linkedin.com\/company\/35136","https:\/\/www.instagram.com\/lpi_org\/","https:\/\/fosstodon.org\/@LPI"]}]}},"_links":{"self":[{"href":"https:\/\/www.lpi.org\/vi\/wp-json\/wp\/v2\/pages\/18986","targetHints":{"allow":["GET"]}}],"collection":[{"href":"https:\/\/www.lpi.org\/vi\/wp-json\/wp\/v2\/pages"}],"about":[{"href":"https:\/\/www.lpi.org\/vi\/wp-json\/wp\/v2\/types\/page"}],"author":[{"embeddable":true,"href":"https:\/\/www.lpi.org\/vi\/wp-json\/wp\/v2\/users\/1"}],"replies":[{"embeddable":true,"href":"https:\/\/www.lpi.org\/vi\/wp-json\/wp\/v2\/comments?post=18986"}],"version-history":[{"count":2,"href":"https:\/\/www.lpi.org\/vi\/wp-json\/wp\/v2\/pages\/18986\/revisions"}],"predecessor-version":[{"id":19649,"href":"https:\/\/www.lpi.org\/vi\/wp-json\/wp\/v2\/pages\/18986\/revisions\/19649"}],"wp:attachment":[{"href":"https:\/\/www.lpi.org\/vi\/wp-json\/wp\/v2\/media?parent=18986"}],"curies":[{"name":"wp","href":"https:\/\/api.w.org\/{rel}","templated":true}]}}