{"id":24317,"date":"2024-07-17T02:13:22","date_gmt":"2024-07-17T06:13:22","guid":{"rendered":"https:\/\/www.lpi.org\/ve-lpi\/gap-go-ban-giam-doc-cua-chung-toi\/"},"modified":"2025-07-22T12:25:42","modified_gmt":"2025-07-22T16:25:42","slug":"gap-go-ban-giam-doc-cua-chung-toi","status":"publish","type":"page","link":"https:\/\/www.lpi.org\/vi\/ve-lpi\/gap-go-ban-giam-doc-cua-chung-toi\/","title":{"rendered":"G\u1eb7p g\u1ee1 Ban Gi\u00e1m \u0110\u1ed1c c\u1ee7a ch\u00fang t\u00f4i"},"content":{"rendered":"","protected":false},"excerpt":{"rendered":"","protected":false},"author":63,"featured_media":0,"parent":17215,"menu_order":0,"comment_status":"closed","ping_status":"closed","template":"template-sections.php","meta":{"_acf_changed":false,"footnotes":""},"class_list":["post-24317","page","type-page","status-publish","hentry"],"acf":[],"yoast_head":"<!-- This site is optimized with the Yoast SEO Premium plugin v27.2 (Yoast SEO v27.4) - https:\/\/yoast.com\/product\/yoast-seo-premium-wordpress\/ -->\n<title>G\u1eb7p g\u1ee1 Ban Gi\u00e1m \u0110\u1ed1c c\u1ee7a ch\u00fang t\u00f4i - Linux Professional Institute (LPI)<\/title>\n<meta name=\"description\" content=\"Linux Professional Institute (LPI) m\u1eddi b\u1ea1n g\u1eb7p g\u1ee1 ban gi\u00e1m \u0111\u1ed1c c\u1ee7a m\u00ecnh.C\u00e1c chuy\u00ean gia \u0111\u01b0\u1ee3c b\u1ea7u ch\u1ecdn l\u00e3nh \u0111\u1ea1o t\u1ed5 ch\u1ee9c c\u1ee7a ch\u00fang t\u00f4i tr\u00ean c\u01a1 s\u1edf t\u1ef1 nguy\u1ec7n.\" \/>\n<meta name=\"robots\" content=\"index, follow, max-snippet:-1, max-image-preview:large, max-video-preview:-1\" \/>\n<link rel=\"canonical\" href=\"https:\/\/www.lpi.org\/vi\/ve-lpi\/gap-go-ban-giam-doc-cua-chung-toi\/\" \/>\n<meta property=\"og:locale\" content=\"vi_VN\" \/>\n<meta property=\"og:type\" content=\"article\" \/>\n<meta property=\"og:title\" content=\"G\u1eb7p g\u1ee1 Ban Gi\u00e1m \u0110\u1ed1c c\u1ee7a ch\u00fang t\u00f4i\" \/>\n<meta property=\"og:description\" content=\"Linux Professional Institute (LPI) m\u1eddi b\u1ea1n g\u1eb7p g\u1ee1 ban gi\u00e1m \u0111\u1ed1c c\u1ee7a m\u00ecnh.C\u00e1c chuy\u00ean gia \u0111\u01b0\u1ee3c b\u1ea7u ch\u1ecdn l\u00e3nh \u0111\u1ea1o t\u1ed5 ch\u1ee9c c\u1ee7a ch\u00fang t\u00f4i tr\u00ean c\u01a1 s\u1edf t\u1ef1 nguy\u1ec7n.\" \/>\n<meta property=\"og:url\" content=\"https:\/\/www.lpi.org\/vi\/ve-lpi\/gap-go-ban-giam-doc-cua-chung-toi\/\" \/>\n<meta property=\"og:site_name\" content=\"Linux Professional Institute (LPI)\" \/>\n<meta property=\"article:publisher\" content=\"https:\/\/www.facebook.com\/LPIConnect\" \/>\n<meta property=\"article:modified_time\" content=\"2025-07-22T16:25:42+00:00\" \/>\n<meta name=\"twitter:card\" content=\"summary_large_image\" \/>\n<meta name=\"twitter:site\" content=\"@lpiconnect\" \/>\n<meta name=\"twitter:label1\" content=\"Est. reading time\" \/>\n\t<meta name=\"twitter:data1\" content=\"18 minutes\" \/>\n<script type=\"application\/ld+json\" class=\"yoast-schema-graph\">{\"@context\":\"https:\\\/\\\/schema.org\",\"@graph\":[{\"@type\":\"WebPage\",\"@id\":\"https:\\\/\\\/www.lpi.org\\\/vi\\\/ve-lpi\\\/gap-go-ban-giam-doc-cua-chung-toi\\\/\",\"url\":\"https:\\\/\\\/www.lpi.org\\\/vi\\\/ve-lpi\\\/gap-go-ban-giam-doc-cua-chung-toi\\\/\",\"name\":\"G\u1eb7p g\u1ee1 Ban Gi\u00e1m \u0110\u1ed1c c\u1ee7a ch\u00fang t\u00f4i - Linux Professional Institute (LPI)\",\"isPartOf\":{\"@id\":\"https:\\\/\\\/www.lpi.org\\\/vi\\\/#website\"},\"datePublished\":\"2024-07-17T06:13:22+00:00\",\"dateModified\":\"2025-07-22T16:25:42+00:00\",\"description\":\"Linux Professional Institute (LPI) m\u1eddi b\u1ea1n g\u1eb7p g\u1ee1 ban gi\u00e1m \u0111\u1ed1c c\u1ee7a m\u00ecnh.C\u00e1c chuy\u00ean gia \u0111\u01b0\u1ee3c b\u1ea7u ch\u1ecdn l\u00e3nh \u0111\u1ea1o t\u1ed5 ch\u1ee9c c\u1ee7a ch\u00fang t\u00f4i tr\u00ean c\u01a1 s\u1edf t\u1ef1 nguy\u1ec7n.\",\"breadcrumb\":{\"@id\":\"https:\\\/\\\/www.lpi.org\\\/vi\\\/ve-lpi\\\/gap-go-ban-giam-doc-cua-chung-toi\\\/#breadcrumb\"},\"inLanguage\":\"vi-VN\",\"potentialAction\":[{\"@type\":\"ReadAction\",\"target\":[\"https:\\\/\\\/www.lpi.org\\\/vi\\\/ve-lpi\\\/gap-go-ban-giam-doc-cua-chung-toi\\\/\"]}]},{\"@type\":\"BreadcrumbList\",\"@id\":\"https:\\\/\\\/www.lpi.org\\\/vi\\\/ve-lpi\\\/gap-go-ban-giam-doc-cua-chung-toi\\\/#breadcrumb\",\"itemListElement\":[{\"@type\":\"ListItem\",\"position\":1,\"name\":\"Home\",\"item\":\"https:\\\/\\\/www.lpi.org\\\/vi\\\/\"},{\"@type\":\"ListItem\",\"position\":2,\"name\":\"V\u1ec1 LPI\",\"item\":\"https:\\\/\\\/www.lpi.org\\\/vi\\\/ve-lpi\\\/\"},{\"@type\":\"ListItem\",\"position\":3,\"name\":\"G\u1eb7p g\u1ee1 Ban Gi\u00e1m \u0110\u1ed1c c\u1ee7a ch\u00fang t\u00f4i\"}]},{\"@type\":\"WebSite\",\"@id\":\"https:\\\/\\\/www.lpi.org\\\/vi\\\/#website\",\"url\":\"https:\\\/\\\/www.lpi.org\\\/vi\\\/\",\"name\":\"Linux Professional Institute (LPI)\",\"description\":\"\",\"publisher\":{\"@id\":\"https:\\\/\\\/www.lpi.org\\\/vi\\\/#organization\"},\"potentialAction\":[{\"@type\":\"SearchAction\",\"target\":{\"@type\":\"EntryPoint\",\"urlTemplate\":\"https:\\\/\\\/www.lpi.org\\\/vi\\\/?s={search_term_string}\"},\"query-input\":{\"@type\":\"PropertyValueSpecification\",\"valueRequired\":true,\"valueName\":\"search_term_string\"}}],\"inLanguage\":\"vi-VN\"},{\"@type\":\"Organization\",\"@id\":\"https:\\\/\\\/www.lpi.org\\\/vi\\\/#organization\",\"name\":\"Linux Professional Institute (LPI)\",\"url\":\"https:\\\/\\\/www.lpi.org\\\/vi\\\/\",\"logo\":{\"@type\":\"ImageObject\",\"inLanguage\":\"vi-VN\",\"@id\":\"https:\\\/\\\/www.lpi.org\\\/vi\\\/#\\\/schema\\\/logo\\\/image\\\/\",\"url\":\"https:\\\/\\\/www.lpi.org\\\/wp-content\\\/uploads\\\/2023\\\/04\\\/logo.png\",\"contentUrl\":\"https:\\\/\\\/www.lpi.org\\\/wp-content\\\/uploads\\\/2023\\\/04\\\/logo.png\",\"width\":496,\"height\":175,\"caption\":\"Linux Professional Institute (LPI)\"},\"image\":{\"@id\":\"https:\\\/\\\/www.lpi.org\\\/vi\\\/#\\\/schema\\\/logo\\\/image\\\/\"},\"sameAs\":[\"https:\\\/\\\/www.facebook.com\\\/LPIConnect\",\"https:\\\/\\\/x.com\\\/lpiconnect\",\"https:\\\/\\\/www.linkedin.com\\\/company\\\/35136\",\"https:\\\/\\\/www.instagram.com\\\/lpi_org\\\/\",\"https:\\\/\\\/fosstodon.org\\\/@LPI\"]}]}<\/script>\n<!-- \/ Yoast SEO Premium plugin. -->","yoast_head_json":{"title":"G\u1eb7p g\u1ee1 Ban Gi\u00e1m \u0110\u1ed1c c\u1ee7a ch\u00fang t\u00f4i - Linux Professional Institute (LPI)","description":"Linux Professional Institute (LPI) m\u1eddi b\u1ea1n g\u1eb7p g\u1ee1 ban gi\u00e1m \u0111\u1ed1c c\u1ee7a m\u00ecnh.C\u00e1c chuy\u00ean gia \u0111\u01b0\u1ee3c b\u1ea7u ch\u1ecdn l\u00e3nh \u0111\u1ea1o t\u1ed5 ch\u1ee9c c\u1ee7a ch\u00fang t\u00f4i tr\u00ean c\u01a1 s\u1edf t\u1ef1 nguy\u1ec7n.","robots":{"index":"index","follow":"follow","max-snippet":"max-snippet:-1","max-image-preview":"max-image-preview:large","max-video-preview":"max-video-preview:-1"},"canonical":"https:\/\/www.lpi.org\/vi\/ve-lpi\/gap-go-ban-giam-doc-cua-chung-toi\/","og_locale":"vi_VN","og_type":"article","og_title":"G\u1eb7p g\u1ee1 Ban Gi\u00e1m \u0110\u1ed1c c\u1ee7a ch\u00fang t\u00f4i","og_description":"Linux Professional Institute (LPI) m\u1eddi b\u1ea1n g\u1eb7p g\u1ee1 ban gi\u00e1m \u0111\u1ed1c c\u1ee7a m\u00ecnh.C\u00e1c chuy\u00ean gia \u0111\u01b0\u1ee3c b\u1ea7u ch\u1ecdn l\u00e3nh \u0111\u1ea1o t\u1ed5 ch\u1ee9c c\u1ee7a ch\u00fang t\u00f4i tr\u00ean c\u01a1 s\u1edf t\u1ef1 nguy\u1ec7n.","og_url":"https:\/\/www.lpi.org\/vi\/ve-lpi\/gap-go-ban-giam-doc-cua-chung-toi\/","og_site_name":"Linux Professional Institute (LPI)","article_publisher":"https:\/\/www.facebook.com\/LPIConnect","article_modified_time":"2025-07-22T16:25:42+00:00","twitter_card":"summary_large_image","twitter_site":"@lpiconnect","twitter_misc":{"Est. reading time":"18 minutes"},"schema":{"@context":"https:\/\/schema.org","@graph":[{"@type":"WebPage","@id":"https:\/\/www.lpi.org\/vi\/ve-lpi\/gap-go-ban-giam-doc-cua-chung-toi\/","url":"https:\/\/www.lpi.org\/vi\/ve-lpi\/gap-go-ban-giam-doc-cua-chung-toi\/","name":"G\u1eb7p g\u1ee1 Ban Gi\u00e1m \u0110\u1ed1c c\u1ee7a ch\u00fang t\u00f4i - Linux Professional Institute (LPI)","isPartOf":{"@id":"https:\/\/www.lpi.org\/vi\/#website"},"datePublished":"2024-07-17T06:13:22+00:00","dateModified":"2025-07-22T16:25:42+00:00","description":"Linux Professional Institute (LPI) m\u1eddi b\u1ea1n g\u1eb7p g\u1ee1 ban gi\u00e1m \u0111\u1ed1c c\u1ee7a m\u00ecnh.C\u00e1c chuy\u00ean gia \u0111\u01b0\u1ee3c b\u1ea7u ch\u1ecdn l\u00e3nh \u0111\u1ea1o t\u1ed5 ch\u1ee9c c\u1ee7a ch\u00fang t\u00f4i tr\u00ean c\u01a1 s\u1edf t\u1ef1 nguy\u1ec7n.","breadcrumb":{"@id":"https:\/\/www.lpi.org\/vi\/ve-lpi\/gap-go-ban-giam-doc-cua-chung-toi\/#breadcrumb"},"inLanguage":"vi-VN","potentialAction":[{"@type":"ReadAction","target":["https:\/\/www.lpi.org\/vi\/ve-lpi\/gap-go-ban-giam-doc-cua-chung-toi\/"]}]},{"@type":"BreadcrumbList","@id":"https:\/\/www.lpi.org\/vi\/ve-lpi\/gap-go-ban-giam-doc-cua-chung-toi\/#breadcrumb","itemListElement":[{"@type":"ListItem","position":1,"name":"Home","item":"https:\/\/www.lpi.org\/vi\/"},{"@type":"ListItem","position":2,"name":"V\u1ec1 LPI","item":"https:\/\/www.lpi.org\/vi\/ve-lpi\/"},{"@type":"ListItem","position":3,"name":"G\u1eb7p g\u1ee1 Ban Gi\u00e1m \u0110\u1ed1c c\u1ee7a ch\u00fang t\u00f4i"}]},{"@type":"WebSite","@id":"https:\/\/www.lpi.org\/vi\/#website","url":"https:\/\/www.lpi.org\/vi\/","name":"Linux Professional Institute (LPI)","description":"","publisher":{"@id":"https:\/\/www.lpi.org\/vi\/#organization"},"potentialAction":[{"@type":"SearchAction","target":{"@type":"EntryPoint","urlTemplate":"https:\/\/www.lpi.org\/vi\/?s={search_term_string}"},"query-input":{"@type":"PropertyValueSpecification","valueRequired":true,"valueName":"search_term_string"}}],"inLanguage":"vi-VN"},{"@type":"Organization","@id":"https:\/\/www.lpi.org\/vi\/#organization","name":"Linux Professional Institute (LPI)","url":"https:\/\/www.lpi.org\/vi\/","logo":{"@type":"ImageObject","inLanguage":"vi-VN","@id":"https:\/\/www.lpi.org\/vi\/#\/schema\/logo\/image\/","url":"https:\/\/www.lpi.org\/wp-content\/uploads\/2023\/04\/logo.png","contentUrl":"https:\/\/www.lpi.org\/wp-content\/uploads\/2023\/04\/logo.png","width":496,"height":175,"caption":"Linux Professional Institute (LPI)"},"image":{"@id":"https:\/\/www.lpi.org\/vi\/#\/schema\/logo\/image\/"},"sameAs":["https:\/\/www.facebook.com\/LPIConnect","https:\/\/x.com\/lpiconnect","https:\/\/www.linkedin.com\/company\/35136","https:\/\/www.instagram.com\/lpi_org\/","https:\/\/fosstodon.org\/@LPI"]}]}},"_links":{"self":[{"href":"https:\/\/www.lpi.org\/vi\/wp-json\/wp\/v2\/pages\/24317","targetHints":{"allow":["GET"]}}],"collection":[{"href":"https:\/\/www.lpi.org\/vi\/wp-json\/wp\/v2\/pages"}],"about":[{"href":"https:\/\/www.lpi.org\/vi\/wp-json\/wp\/v2\/types\/page"}],"author":[{"embeddable":true,"href":"https:\/\/www.lpi.org\/vi\/wp-json\/wp\/v2\/users\/63"}],"replies":[{"embeddable":true,"href":"https:\/\/www.lpi.org\/vi\/wp-json\/wp\/v2\/comments?post=24317"}],"version-history":[{"count":2,"href":"https:\/\/www.lpi.org\/vi\/wp-json\/wp\/v2\/pages\/24317\/revisions"}],"predecessor-version":[{"id":30573,"href":"https:\/\/www.lpi.org\/vi\/wp-json\/wp\/v2\/pages\/24317\/revisions\/30573"}],"up":[{"embeddable":true,"href":"https:\/\/www.lpi.org\/vi\/wp-json\/wp\/v2\/pages\/17215"}],"wp:attachment":[{"href":"https:\/\/www.lpi.org\/vi\/wp-json\/wp\/v2\/media?parent=24317"}],"curies":[{"name":"wp","href":"https:\/\/api.w.org\/{rel}","templated":true}]}}