{"id":25217,"date":"2024-08-13T11:06:54","date_gmt":"2024-08-13T15:06:54","guid":{"rendered":"https:\/\/www.lpi.org\/lpi25\/"},"modified":"2025-11-06T15:20:44","modified_gmt":"2025-11-06T20:20:44","slug":"lpi25","status":"publish","type":"page","link":"https:\/\/www.lpi.org\/vi\/lpi25\/","title":{"rendered":"K\u1ef7 ni\u1ec7m 25 n\u0103m ph\u00e1t tri\u1ec3n t\u00ednh chuy\u00ean nghi\u1ec7p trong l\u0129nh v\u1ef1c ngu\u1ed3n m\u1edf"},"content":{"rendered":"<p>H\u00e3y k\u1ef7 ni\u1ec7m 25 n\u0103m th\u00e0nh l\u1eadp c\u1ee7a LPI v\u1edbi phi\u1ebfu thi mi\u1ec5n ph\u00ed! Linux Professional Institute (LPI) s\u1ebd k\u1ef7 ni\u1ec7m 25 n\u0103m th\u00e0nh l\u1eadp v\u00e0o n\u0103m 2024. \u0110\u1ec3 \u0111\u00e1nh d\u1ea5u c\u1ed9t m\u1ed1c quan tr\u1ecdng n\u00e0y, ch\u00fang t\u00f4i s\u1ebd c\u00f3 m\u1ed9t \u0111i\u1ec1u \u0111\u1eb7c bi\u1ec7t: T\u1eeb th\u00e1ng 10 \u0111\u1ebfn th\u00e1ng 12 n\u0103m 2024, m\u1ed7i \u1ee9ng vi\u00ean th\u1ee9 25 tham gia m\u1ed9t trong c\u00e1c k\u1ef3 thi c\u1ee7a ch\u00fang t\u00f4i s\u1ebd nh\u1eadn \u0111\u01b0\u1ee3c phi\u1ebfu thi mi\u1ec5n ph\u00ed cho k\u1ef3 thi ti\u1ebfp theo. C\u1ea3m \u01a1n b\u1ea1n \u0111\u00e3 \u1ee7ng h\u1ed9 LPI! H\u00e3y c\u00f9ng ch\u00fang t\u00f4i k\u1ef7 ni\u1ec7m 25 n\u0103m th\u00fac \u0111\u1ea9y chuy\u00ean m\u00f4n v\u1ec1 Linux v\u00e0 m\u00e3 ngu\u1ed3n m\u1edf v\u00e0 n\u00e2ng cao s\u1ef1 nghi\u1ec7p CNTT c\u1ee7a b\u1ea1n!<\/p>\n","protected":false},"excerpt":{"rendered":"<p>H\u00e3y k\u1ef7 ni\u1ec7m 25 n\u0103m th\u00e0nh l\u1eadp c\u1ee7a LPI v\u1edbi phi\u1ebfu thi mi\u1ec5n ph\u00ed! Linux Professional Institute (LPI) s\u1ebd k\u1ef7 ni\u1ec7m 25 n\u0103m th\u00e0nh l\u1eadp v\u00e0o n\u0103m 2024. \u0110\u1ec3 \u0111\u00e1nh d\u1ea5u c\u1ed9t m\u1ed1c quan tr\u1ecdng n\u00e0y, ch\u00fang t\u00f4i s\u1ebd c\u00f3 &#8230; <a href=\"https:\/\/www.lpi.org\/vi\/lpi25\/\" class=\"button-link\">Read more<\/a><\/p>\n","protected":false},"author":97,"featured_media":0,"parent":0,"menu_order":0,"comment_status":"closed","ping_status":"closed","template":"template-sections.php","meta":{"_acf_changed":false,"footnotes":""},"class_list":["post-25217","page","type-page","status-publish","hentry"],"acf":[],"yoast_head":"<!-- This site is optimized with the Yoast SEO Premium plugin v27.2 (Yoast SEO v27.3) - https:\/\/yoast.com\/product\/yoast-seo-premium-wordpress\/ -->\n<title>K\u1ef7 ni\u1ec7m 25 n\u0103m ph\u00e1t tri\u1ec3n t\u00ednh chuy\u00ean nghi\u1ec7p trong l\u0129nh v\u1ef1c ngu\u1ed3n m\u1edf - Linux Professional Institute (LPI)<\/title>\n<meta name=\"description\" content=\"LPI k\u1ef7 ni\u1ec7m 25 n\u0103m h\u1ed7 tr\u1ee3 c\u00e1c s\u1ef1 nghi\u1ec7p m\u00e3 ngu\u1ed3n m\u1edf, cung c\u1ea5p phi\u1ebfu thi mi\u1ec5n ph\u00ed cho m\u1ed7i \u1ee9ng vi\u00ean th\u1ee9 25 t\u1eeb th\u00e1ng 10 \u0111\u1ebfn th\u00e1ng 12 n\u0103m 2024.\" \/>\n<meta name=\"robots\" content=\"index, follow, max-snippet:-1, max-image-preview:large, max-video-preview:-1\" \/>\n<link rel=\"canonical\" href=\"https:\/\/www.lpi.org\/vi\/lpi25\/\" \/>\n<meta property=\"og:locale\" content=\"vi_VN\" \/>\n<meta property=\"og:type\" content=\"article\" \/>\n<meta property=\"og:title\" content=\"K\u1ef7 ni\u1ec7m 25 n\u0103m ph\u00e1t tri\u1ec3n t\u00ednh chuy\u00ean nghi\u1ec7p trong l\u0129nh v\u1ef1c ngu\u1ed3n m\u1edf\" \/>\n<meta property=\"og:description\" content=\"LPI k\u1ef7 ni\u1ec7m 25 n\u0103m h\u1ed7 tr\u1ee3 c\u00e1c s\u1ef1 nghi\u1ec7p m\u00e3 ngu\u1ed3n m\u1edf, cung c\u1ea5p phi\u1ebfu thi mi\u1ec5n ph\u00ed cho m\u1ed7i \u1ee9ng vi\u00ean th\u1ee9 25 t\u1eeb th\u00e1ng 10 \u0111\u1ebfn th\u00e1ng 12 n\u0103m 2024.\" \/>\n<meta property=\"og:url\" content=\"https:\/\/www.lpi.org\/vi\/lpi25\/\" \/>\n<meta property=\"og:site_name\" content=\"Linux Professional Institute (LPI)\" \/>\n<meta property=\"article:publisher\" content=\"https:\/\/www.facebook.com\/LPIConnect\" \/>\n<meta property=\"article:modified_time\" content=\"2025-11-06T20:20:44+00:00\" \/>\n<meta name=\"twitter:card\" content=\"summary_large_image\" \/>\n<meta name=\"twitter:site\" content=\"@lpiconnect\" \/>\n<meta name=\"twitter:label1\" content=\"Est. reading time\" \/>\n\t<meta name=\"twitter:data1\" content=\"4 minutes\" \/>\n<script type=\"application\/ld+json\" class=\"yoast-schema-graph\">{\"@context\":\"https:\\\/\\\/schema.org\",\"@graph\":[{\"@type\":\"WebPage\",\"@id\":\"https:\\\/\\\/www.lpi.org\\\/vi\\\/lpi25\\\/\",\"url\":\"https:\\\/\\\/www.lpi.org\\\/vi\\\/lpi25\\\/\",\"name\":\"K\u1ef7 ni\u1ec7m 25 n\u0103m ph\u00e1t tri\u1ec3n t\u00ednh chuy\u00ean nghi\u1ec7p trong l\u0129nh v\u1ef1c ngu\u1ed3n m\u1edf - Linux Professional Institute (LPI)\",\"isPartOf\":{\"@id\":\"https:\\\/\\\/www.lpi.org\\\/vi\\\/#website\"},\"datePublished\":\"2024-08-13T15:06:54+00:00\",\"dateModified\":\"2025-11-06T20:20:44+00:00\",\"description\":\"LPI k\u1ef7 ni\u1ec7m 25 n\u0103m h\u1ed7 tr\u1ee3 c\u00e1c s\u1ef1 nghi\u1ec7p m\u00e3 ngu\u1ed3n m\u1edf, cung c\u1ea5p phi\u1ebfu thi mi\u1ec5n ph\u00ed cho m\u1ed7i \u1ee9ng vi\u00ean th\u1ee9 25 t\u1eeb th\u00e1ng 10 \u0111\u1ebfn th\u00e1ng 12 n\u0103m 2024.\",\"breadcrumb\":{\"@id\":\"https:\\\/\\\/www.lpi.org\\\/vi\\\/lpi25\\\/#breadcrumb\"},\"inLanguage\":\"vi-VN\",\"potentialAction\":[{\"@type\":\"ReadAction\",\"target\":[\"https:\\\/\\\/www.lpi.org\\\/vi\\\/lpi25\\\/\"]}]},{\"@type\":\"BreadcrumbList\",\"@id\":\"https:\\\/\\\/www.lpi.org\\\/vi\\\/lpi25\\\/#breadcrumb\",\"itemListElement\":[{\"@type\":\"ListItem\",\"position\":1,\"name\":\"Home\",\"item\":\"https:\\\/\\\/www.lpi.org\\\/vi\\\/\"},{\"@type\":\"ListItem\",\"position\":2,\"name\":\"K\u1ef7 ni\u1ec7m 25 n\u0103m ph\u00e1t tri\u1ec3n t\u00ednh chuy\u00ean nghi\u1ec7p trong l\u0129nh v\u1ef1c ngu\u1ed3n m\u1edf\"}]},{\"@type\":\"WebSite\",\"@id\":\"https:\\\/\\\/www.lpi.org\\\/vi\\\/#website\",\"url\":\"https:\\\/\\\/www.lpi.org\\\/vi\\\/\",\"name\":\"Linux Professional Institute (LPI)\",\"description\":\"\",\"publisher\":{\"@id\":\"https:\\\/\\\/www.lpi.org\\\/vi\\\/#organization\"},\"potentialAction\":[{\"@type\":\"SearchAction\",\"target\":{\"@type\":\"EntryPoint\",\"urlTemplate\":\"https:\\\/\\\/www.lpi.org\\\/vi\\\/?s={search_term_string}\"},\"query-input\":{\"@type\":\"PropertyValueSpecification\",\"valueRequired\":true,\"valueName\":\"search_term_string\"}}],\"inLanguage\":\"vi-VN\"},{\"@type\":\"Organization\",\"@id\":\"https:\\\/\\\/www.lpi.org\\\/vi\\\/#organization\",\"name\":\"Linux Professional Institute (LPI)\",\"url\":\"https:\\\/\\\/www.lpi.org\\\/vi\\\/\",\"logo\":{\"@type\":\"ImageObject\",\"inLanguage\":\"vi-VN\",\"@id\":\"https:\\\/\\\/www.lpi.org\\\/vi\\\/#\\\/schema\\\/logo\\\/image\\\/\",\"url\":\"https:\\\/\\\/www.lpi.org\\\/wp-content\\\/uploads\\\/2023\\\/04\\\/logo.png\",\"contentUrl\":\"https:\\\/\\\/www.lpi.org\\\/wp-content\\\/uploads\\\/2023\\\/04\\\/logo.png\",\"width\":496,\"height\":175,\"caption\":\"Linux Professional Institute (LPI)\"},\"image\":{\"@id\":\"https:\\\/\\\/www.lpi.org\\\/vi\\\/#\\\/schema\\\/logo\\\/image\\\/\"},\"sameAs\":[\"https:\\\/\\\/www.facebook.com\\\/LPIConnect\",\"https:\\\/\\\/x.com\\\/lpiconnect\",\"https:\\\/\\\/www.linkedin.com\\\/company\\\/35136\",\"https:\\\/\\\/www.instagram.com\\\/lpi_org\\\/\",\"https:\\\/\\\/fosstodon.org\\\/@LPI\"]}]}<\/script>\n<!-- \/ Yoast SEO Premium plugin. -->","yoast_head_json":{"title":"K\u1ef7 ni\u1ec7m 25 n\u0103m ph\u00e1t tri\u1ec3n t\u00ednh chuy\u00ean nghi\u1ec7p trong l\u0129nh v\u1ef1c ngu\u1ed3n m\u1edf - Linux Professional Institute (LPI)","description":"LPI k\u1ef7 ni\u1ec7m 25 n\u0103m h\u1ed7 tr\u1ee3 c\u00e1c s\u1ef1 nghi\u1ec7p m\u00e3 ngu\u1ed3n m\u1edf, cung c\u1ea5p phi\u1ebfu thi mi\u1ec5n ph\u00ed cho m\u1ed7i \u1ee9ng vi\u00ean th\u1ee9 25 t\u1eeb th\u00e1ng 10 \u0111\u1ebfn th\u00e1ng 12 n\u0103m 2024.","robots":{"index":"index","follow":"follow","max-snippet":"max-snippet:-1","max-image-preview":"max-image-preview:large","max-video-preview":"max-video-preview:-1"},"canonical":"https:\/\/www.lpi.org\/vi\/lpi25\/","og_locale":"vi_VN","og_type":"article","og_title":"K\u1ef7 ni\u1ec7m 25 n\u0103m ph\u00e1t tri\u1ec3n t\u00ednh chuy\u00ean nghi\u1ec7p trong l\u0129nh v\u1ef1c ngu\u1ed3n m\u1edf","og_description":"LPI k\u1ef7 ni\u1ec7m 25 n\u0103m h\u1ed7 tr\u1ee3 c\u00e1c s\u1ef1 nghi\u1ec7p m\u00e3 ngu\u1ed3n m\u1edf, cung c\u1ea5p phi\u1ebfu thi mi\u1ec5n ph\u00ed cho m\u1ed7i \u1ee9ng vi\u00ean th\u1ee9 25 t\u1eeb th\u00e1ng 10 \u0111\u1ebfn th\u00e1ng 12 n\u0103m 2024.","og_url":"https:\/\/www.lpi.org\/vi\/lpi25\/","og_site_name":"Linux Professional Institute (LPI)","article_publisher":"https:\/\/www.facebook.com\/LPIConnect","article_modified_time":"2025-11-06T20:20:44+00:00","twitter_card":"summary_large_image","twitter_site":"@lpiconnect","twitter_misc":{"Est. reading time":"4 minutes"},"schema":{"@context":"https:\/\/schema.org","@graph":[{"@type":"WebPage","@id":"https:\/\/www.lpi.org\/vi\/lpi25\/","url":"https:\/\/www.lpi.org\/vi\/lpi25\/","name":"K\u1ef7 ni\u1ec7m 25 n\u0103m ph\u00e1t tri\u1ec3n t\u00ednh chuy\u00ean nghi\u1ec7p trong l\u0129nh v\u1ef1c ngu\u1ed3n m\u1edf - Linux Professional Institute (LPI)","isPartOf":{"@id":"https:\/\/www.lpi.org\/vi\/#website"},"datePublished":"2024-08-13T15:06:54+00:00","dateModified":"2025-11-06T20:20:44+00:00","description":"LPI k\u1ef7 ni\u1ec7m 25 n\u0103m h\u1ed7 tr\u1ee3 c\u00e1c s\u1ef1 nghi\u1ec7p m\u00e3 ngu\u1ed3n m\u1edf, cung c\u1ea5p phi\u1ebfu thi mi\u1ec5n ph\u00ed cho m\u1ed7i \u1ee9ng vi\u00ean th\u1ee9 25 t\u1eeb th\u00e1ng 10 \u0111\u1ebfn th\u00e1ng 12 n\u0103m 2024.","breadcrumb":{"@id":"https:\/\/www.lpi.org\/vi\/lpi25\/#breadcrumb"},"inLanguage":"vi-VN","potentialAction":[{"@type":"ReadAction","target":["https:\/\/www.lpi.org\/vi\/lpi25\/"]}]},{"@type":"BreadcrumbList","@id":"https:\/\/www.lpi.org\/vi\/lpi25\/#breadcrumb","itemListElement":[{"@type":"ListItem","position":1,"name":"Home","item":"https:\/\/www.lpi.org\/vi\/"},{"@type":"ListItem","position":2,"name":"K\u1ef7 ni\u1ec7m 25 n\u0103m ph\u00e1t tri\u1ec3n t\u00ednh chuy\u00ean nghi\u1ec7p trong l\u0129nh v\u1ef1c ngu\u1ed3n m\u1edf"}]},{"@type":"WebSite","@id":"https:\/\/www.lpi.org\/vi\/#website","url":"https:\/\/www.lpi.org\/vi\/","name":"Linux Professional Institute (LPI)","description":"","publisher":{"@id":"https:\/\/www.lpi.org\/vi\/#organization"},"potentialAction":[{"@type":"SearchAction","target":{"@type":"EntryPoint","urlTemplate":"https:\/\/www.lpi.org\/vi\/?s={search_term_string}"},"query-input":{"@type":"PropertyValueSpecification","valueRequired":true,"valueName":"search_term_string"}}],"inLanguage":"vi-VN"},{"@type":"Organization","@id":"https:\/\/www.lpi.org\/vi\/#organization","name":"Linux Professional Institute (LPI)","url":"https:\/\/www.lpi.org\/vi\/","logo":{"@type":"ImageObject","inLanguage":"vi-VN","@id":"https:\/\/www.lpi.org\/vi\/#\/schema\/logo\/image\/","url":"https:\/\/www.lpi.org\/wp-content\/uploads\/2023\/04\/logo.png","contentUrl":"https:\/\/www.lpi.org\/wp-content\/uploads\/2023\/04\/logo.png","width":496,"height":175,"caption":"Linux Professional Institute (LPI)"},"image":{"@id":"https:\/\/www.lpi.org\/vi\/#\/schema\/logo\/image\/"},"sameAs":["https:\/\/www.facebook.com\/LPIConnect","https:\/\/x.com\/lpiconnect","https:\/\/www.linkedin.com\/company\/35136","https:\/\/www.instagram.com\/lpi_org\/","https:\/\/fosstodon.org\/@LPI"]}]}},"_links":{"self":[{"href":"https:\/\/www.lpi.org\/vi\/wp-json\/wp\/v2\/pages\/25217","targetHints":{"allow":["GET"]}}],"collection":[{"href":"https:\/\/www.lpi.org\/vi\/wp-json\/wp\/v2\/pages"}],"about":[{"href":"https:\/\/www.lpi.org\/vi\/wp-json\/wp\/v2\/types\/page"}],"author":[{"embeddable":true,"href":"https:\/\/www.lpi.org\/vi\/wp-json\/wp\/v2\/users\/97"}],"replies":[{"embeddable":true,"href":"https:\/\/www.lpi.org\/vi\/wp-json\/wp\/v2\/comments?post=25217"}],"version-history":[{"count":13,"href":"https:\/\/www.lpi.org\/vi\/wp-json\/wp\/v2\/pages\/25217\/revisions"}],"predecessor-version":[{"id":32619,"href":"https:\/\/www.lpi.org\/vi\/wp-json\/wp\/v2\/pages\/25217\/revisions\/32619"}],"wp:attachment":[{"href":"https:\/\/www.lpi.org\/vi\/wp-json\/wp\/v2\/media?parent=25217"}],"curies":[{"name":"wp","href":"https:\/\/api.w.org\/{rel}","templated":true}]}}